{"id":235,"date":"2026-05-05T14:00:37","date_gmt":"2026-05-05T12:00:37","guid":{"rendered":"https:\/\/ergotopie42.fr\/?page_id=235"},"modified":"2026-05-05T14:00:37","modified_gmt":"2026-05-05T12:00:37","slug":"cercles-restauratifs","status":"publish","type":"page","link":"https:\/\/ergotopie42.fr\/index.php\/cercles-restauratifs\/","title":{"rendered":"Cercles restauratifs"},"content":{"rendered":"\n<p><br>Le cercle restauratif est un outil de justice restauratrice et transformatrice, qui s\u2019adresse \u00e0 tout groupe ou communaut\u00e9 souhaitant explorer d\u2019autres voies que la justice punitive.<\/p>\n\n\n\n<p>Cette pratique accompagne le conflit au sein d\u2019un groupe, que ce soit de fa\u00e7on pr\u00e9coce d\u00e8s l\u2019apparition de tensions ou plus tardivement, dans des conflits plus ouverts ou anciens<\/p>\n\n\n\n<p>La situation est saisie dans sa globalit\u00e9\u00a0: le conflit n\u2019implique pas seulement 2 personnes ou parties qui s\u2019opposent, mais elle impacte le groupe dans son ensemble, il est donc pris comme syst\u00e9mique et repr\u00e9sentatif des fonctionnements du groupe. On cherche la r\u00e9paration du pr\u00e9judice, la restauration des liens et la s\u00e9curit\u00e9 de tou.tes les membres.<\/p>\n\n\n\n<p>2 facilitateur.ices accompagnent le groupe, tout au long du processus du cercle restauratif.<\/p>\n\n\n\n<p>Le processus comporte 3 \u00e9tapes, sur un temps long (plusieurs mois)&nbsp;:<\/p>\n\n\n\n<ul class=\"wp-block-list\">\n<li>entretiens avant-cercle individuels, o\u00f9 chaque personne participant au cercle peut partager son v\u00e9cu et \u00eatre entendue dans ses ressentis, dans un espace d\u2019\u00e9coute empathique,<\/li>\n\n\n\n<li>cercle, moment collectif qui dure 2 ou 3 journ\u00e9es selon la taille du groupe, permettant de dialoguer, de retrouver de la compr\u00e9hension mutuelle, de prendre ses responsabilit\u00e9s et de se proposer des pistes d\u2019action pour la suite,<\/li>\n\n\n\n<li>temps d\u2019apr\u00e8s-cercle, collectif, qui permet, plusieurs mois apr\u00e8s le cercle, un temps de bilan et de c\u00e9l\u00e9bration.<\/li>\n<\/ul>\n\n\n\n<p>C\u2019est une d\u00e9marche engageante, qui se propose de creuser en profondeur une situation, en regardant les zones d\u2019ombre et les biais, en explicitant les non-dits, en brassant des affects difficiles, bref, de mettre les mains dans le cambouis, pour faire face au conflit et \u00e0 ses ramifications. Tr\u00e8s loin d\u2019une baguette magique, cela permet un assainissement du fonctionnement et des relations au sein d\u2019un groupe.<\/p>\n\n\n\n<p>Prendre contact\u00a0:<\/p>\n\n\n\n<figure class=\"wp-block-image aligncenter size-full has-custom-border\"><img loading=\"lazy\" decoding=\"async\" width=\"338\" height=\"120\" src=\"https:\/\/ergotopie42.fr\/wp-content\/uploads\/2026\/05\/jpg-coordonnees-cadre.jpg\" alt=\"\" class=\"wp-image-236\" style=\"border-top-left-radius:23px;border-top-right-radius:23px;border-bottom-left-radius:23px;border-bottom-right-radius:23px\" srcset=\"https:\/\/ergotopie42.fr\/wp-content\/uploads\/2026\/05\/jpg-coordonnees-cadre.jpg 338w, https:\/\/ergotopie42.fr\/wp-content\/uploads\/2026\/05\/jpg-coordonnees-cadre-300x107.jpg 300w\" sizes=\"auto, (max-width: 338px) 100vw, 338px\" \/><\/figure>\n","protected":false},"excerpt":{"rendered":"<p>Le cercle restauratif est un outil de justice restauratrice et transformatrice, qui s\u2019adresse \u00e0 tout groupe ou communaut\u00e9 souhaitant explorer d\u2019autres voies que la justice punitive. Cette pratique accompagne le conflit au sein d\u2019un groupe, que ce soit de fa\u00e7on pr\u00e9coce d\u00e8s l\u2019apparition de tensions ou plus tardivement, dans des conflits plus ouverts ou anciens [&hellip;]<\/p>\n","protected":false},"author":1,"featured_media":0,"parent":0,"menu_order":0,"comment_status":"closed","ping_status":"closed","template":"","meta":{"footnotes":""},"class_list":["post-235","page","type-page","status-publish","hentry"],"_links":{"self":[{"href":"https:\/\/ergotopie42.fr\/index.php\/wp-json\/wp\/v2\/pages\/235","targetHints":{"allow":["GET"]}}],"collection":[{"href":"https:\/\/ergotopie42.fr\/index.php\/wp-json\/wp\/v2\/pages"}],"about":[{"href":"https:\/\/ergotopie42.fr\/index.php\/wp-json\/wp\/v2\/types\/page"}],"author":[{"embeddable":true,"href":"https:\/\/ergotopie42.fr\/index.php\/wp-json\/wp\/v2\/users\/1"}],"replies":[{"embeddable":true,"href":"https:\/\/ergotopie42.fr\/index.php\/wp-json\/wp\/v2\/comments?post=235"}],"version-history":[{"count":2,"href":"https:\/\/ergotopie42.fr\/index.php\/wp-json\/wp\/v2\/pages\/235\/revisions"}],"predecessor-version":[{"id":238,"href":"https:\/\/ergotopie42.fr\/index.php\/wp-json\/wp\/v2\/pages\/235\/revisions\/238"}],"wp:attachment":[{"href":"https:\/\/ergotopie42.fr\/index.php\/wp-json\/wp\/v2\/media?parent=235"}],"curies":[{"name":"wp","href":"https:\/\/api.w.org\/{rel}","templated":true}]}}