{"id":71,"date":"2025-05-13T18:25:13","date_gmt":"2025-05-13T16:25:13","guid":{"rendered":"https:\/\/ergotopie42.fr\/?page_id=71"},"modified":"2025-12-10T16:20:55","modified_gmt":"2025-12-10T15:20:55","slug":"analyse-des-pratiques-professionnelles","status":"publish","type":"page","link":"https:\/\/ergotopie42.fr\/index.php\/analyse-des-pratiques-professionnelles\/","title":{"rendered":"Analyse des pratiques professionnelles"},"content":{"rendered":"\n<p><br>En tant qu&rsquo;ergoth\u00e9rapeute, je propose des <strong>accompagnements sur-mesure<\/strong> permettant aux \u00e9quipes de <strong>mettre en mots<\/strong> leur v\u00e9cu professionnel et de d\u00e9velopper l\u2019intelligence collective. L\u2019analyse de <strong>situations concr\u00e8tes<\/strong> soutient la r\u00e9flexion et l\u2019<strong>am\u00e9lioration des pratiques<\/strong>. Gr\u00e2ce \u00e0 mes diverses exp\u00e9riences sur le terrain \u2013 dans l\u2019\u00e9ducation populaire, le secteur <strong>associatif<\/strong>, les vacances adapt\u00e9es pour adultes en situation de <strong>handicap<\/strong>, ainsi que dans le secteur social et <strong>m\u00e9dico-social<\/strong> \u2013 je mets mon expertise au service des organisations.<\/p>\n\n\n\n<p><br>La certification <strong>Qualiopi <\/strong>a \u00e9t\u00e9 d\u00e9livr\u00e9e \u00e0 CAP Services pour les cat\u00e9gories \u00ab\u00a0Actions de formation\u00a0\u00bb et \u00ab\u00a0Bilans de comp\u00e9tences\u00a0\u00bb.<\/p>\n\n\n\n<h3 class=\"wp-block-heading\"><br><strong>Mon approche<\/strong><\/h3>\n\n\n\n<ul class=\"wp-block-list\">\n<li>L&rsquo;APP s&rsquo;adresse \u00e0 toute personne exer\u00e7ant un m\u00e9tier \u00e0 <strong>forte dimension relationnelle<\/strong>. Cela concerne les professionnel.les de l&rsquo;accompagnement dans les secteurs du m\u00e9dico-social, du conseil, de la formation, de l&rsquo;insertion, de la psychologie, du socio-\u00e9ducatif, de l\u2019animation, de la sant\u00e9, de l&rsquo;artistique ou de l\u2019humanitaire.<\/li>\n<\/ul>\n\n\n\n<ul class=\"wp-block-list\">\n<li>Mon approche repose sur l&rsquo;<strong>\u00e9coute active<\/strong> et l&rsquo;<strong>accueil inconditionnel<\/strong> de chaque parole, en valorisant l&rsquo;unicit\u00e9 de chaque individu et ses ressources. Chaque personne poss\u00e8de en elle une part des r\u00e9ponses aux difficult\u00e9s qu\u2019elle rencontre et un <strong>potentiel d\u2019\u00e9volution<\/strong> et de changement. Cette <strong>approche centr\u00e9e sur la personne<\/strong>, selon Carl Rogers, vise \u00e0 reconna\u00eetre et soutenir l&rsquo;exp\u00e9rience de chacun.e.<\/li>\n<\/ul>\n\n\n\n<ul class=\"wp-block-list\">\n<li>Chaque s\u00e9ance d&rsquo;analyse de la pratique permet de <strong>travailler en profondeur<\/strong> une situation apport\u00e9e par un.e participant.e, en mobilisant l&rsquo;<strong>intelligence collective<\/strong>. Cela offre \u00e0 chacun.e l&rsquo;occasion de <strong>d\u00e9m\u00ealer ses ressentis<\/strong> et de repartir avec des <strong>cl\u00e9s pour enrichir sa pratique<\/strong> : <strong>r\u00e9flexion <\/strong>sur son fonctionnement, <strong>pistes d&rsquo;action<\/strong> ou ajustement de <strong>posture<\/strong>. L&rsquo;objectif est de d\u00e9velopper le champ de <strong>conscience de soi<\/strong>, en relation, dans les situations professionnelles.<\/li>\n<\/ul>\n\n\n\n<ul class=\"wp-block-list\">\n<li>Dans un cadre souple, nous composerons un climat de <strong>confiance <\/strong>et de <strong>consid\u00e9ration<\/strong>, <strong>sans jugement<\/strong>. L&rsquo;objectif est de d\u00e9ployer l&rsquo;intelligence collective et l&rsquo;<strong>entraide<\/strong>, afin de cultiver la <strong>r\u00e9flexivit\u00e9 <\/strong>comme outil professionnel dans un esprit d\u2019\u00e9quipe et de solidarit\u00e9. L\u2019APP permet de prendre du recul, d&rsquo;<strong>explorer les marges de man\u0153uvre<\/strong> et d&rsquo;\u00e9voluer dans ses repr\u00e9sentations, dans un esprit de <strong>co-construction<\/strong>.<\/li>\n<\/ul>\n\n\n\n<ul class=\"wp-block-list\">\n<li>Approche <strong>psycho-sociologique<\/strong> : le sujet professionnel per\u00e7oit les situations \u00e0 travers ses repr\u00e9sentations et logiques personnelles et sociales, dans l\u2019interaction, <strong>en contexte<\/strong>. Nous travaillerons ainsi sur les valeurs, normes et croyances li\u00e9es aux situations professionnelles, tout en explorant le ressenti \u00e9motionnel de la personne.<\/li>\n<\/ul>\n\n\n\n<ul class=\"wp-block-list\">\n<li>Je m&rsquo;engage \u00e0 une <strong>formation continue<\/strong> et \u00e0 la <strong>supervision r\u00e9guli\u00e8re<\/strong> pour garantir la qualit\u00e9 de ma pratique d&rsquo;APP.<\/li>\n<\/ul>\n\n\n\n<h3 class=\"wp-block-heading\"><br><strong>Modalit\u00e9s d\u2019intervention<\/strong><\/h3>\n\n\n\n<figure class=\"wp-block-image aligncenter size-full is-resized has-custom-border is-style-default\"><img loading=\"lazy\" decoding=\"async\" width=\"1000\" height=\"662\" src=\"https:\/\/ergotopie42.fr\/wp-content\/uploads\/2025\/06\/Groupe-d-analyse-de-la-pratique-professionnelle-APP.jpg\" alt=\"Groupe d'analyse des pratiques professionnelles\" class=\"wp-image-138\" style=\"border-radius:23px;width:600px\" srcset=\"https:\/\/ergotopie42.fr\/wp-content\/uploads\/2025\/06\/Groupe-d-analyse-de-la-pratique-professionnelle-APP.jpg 1000w, https:\/\/ergotopie42.fr\/wp-content\/uploads\/2025\/06\/Groupe-d-analyse-de-la-pratique-professionnelle-APP-300x199.jpg 300w, https:\/\/ergotopie42.fr\/wp-content\/uploads\/2025\/06\/Groupe-d-analyse-de-la-pratique-professionnelle-APP-768x508.jpg 768w\" sizes=\"auto, (max-width: 1000px) 100vw, 1000px\" \/><\/figure>\n\n\n\n<ul class=\"wp-block-list\">\n<li><strong>Analyse des pratiques professionnelles<\/strong> ou <strong>supervision<\/strong><\/li>\n<\/ul>\n\n\n\n<ul class=\"wp-block-list\">\n<li>Groupes <strong>\u00e0 partir de 4 personnes<\/strong><\/li>\n<\/ul>\n\n\n\n<ul class=\"wp-block-list\">\n<li>Pour tou.tes les <strong>professionnel.les de l&rsquo;accompagnement<\/strong>, que ce soit en <strong>\u00e9quipe <\/strong>travaillant dans une m\u00eame structure, ou des <strong>\u00e9lectrons libres<\/strong> exer\u00e7ant la m\u00eame fonction souhaitant se regrouper<\/li>\n<\/ul>\n\n\n\n<ul class=\"wp-block-list\">\n<li>Une <strong>premi\u00e8re s\u00e9ance d\u00e9couverte<\/strong>, sans engagement, pour nous rencontrer avant de contractualiser un accompagnement sur une p\u00e9riode d\u00e9termin\u00e9e<\/li>\n<\/ul>\n\n\n\n<ul class=\"wp-block-list\">\n<li>En <strong>pr\u00e9sentiel <\/strong>ou en <strong>visio-conf\u00e9rence<\/strong> (avec au moins une rencontre de visu, pour faciliter l\u2019alliance de travail)<\/li>\n<\/ul>\n\n\n\n<ul class=\"wp-block-list\">\n<li>Devis \u00e9tabli sur demande<\/li>\n<\/ul>\n\n\n\n<figure class=\"wp-block-image aligncenter size-full has-custom-border is-style-rounded\"><img loading=\"lazy\" decoding=\"async\" width=\"338\" height=\"120\" src=\"https:\/\/ergotopie42.fr\/wp-content\/uploads\/2025\/12\/jpg-coordonnees-cadre.jpg\" alt=\"\" class=\"wp-image-206\" style=\"border-top-left-radius:17px;border-top-right-radius:17px;border-bottom-left-radius:17px;border-bottom-right-radius:17px\" srcset=\"https:\/\/ergotopie42.fr\/wp-content\/uploads\/2025\/12\/jpg-coordonnees-cadre.jpg 338w, https:\/\/ergotopie42.fr\/wp-content\/uploads\/2025\/12\/jpg-coordonnees-cadre-300x107.jpg 300w\" sizes=\"auto, (max-width: 338px) 100vw, 338px\" \/><\/figure>\n\n\n\n<ul class=\"wp-block-list\">\n<li>Vous pouvez me retrouver sur l&rsquo;annuaire professionnel :<\/li>\n<\/ul>\n\n\n\n<figure class=\"wp-block-image size-full\"><a href=\"https:\/\/www.analysedespratiques.com\/formateurs\/maloin-gillier-rebaud-ergotopie-analyse-des-pratiques-et-supervision\/\"><img loading=\"lazy\" decoding=\"async\" width=\"1024\" height=\"84\" src=\"https:\/\/ergotopie42.fr\/wp-content\/uploads\/2025\/06\/logo-Portail-APP.webp\" alt=\"\" class=\"wp-image-169\" srcset=\"https:\/\/ergotopie42.fr\/wp-content\/uploads\/2025\/06\/logo-Portail-APP.webp 1024w, https:\/\/ergotopie42.fr\/wp-content\/uploads\/2025\/06\/logo-Portail-APP-300x25.webp 300w, https:\/\/ergotopie42.fr\/wp-content\/uploads\/2025\/06\/logo-Portail-APP-768x63.webp 768w\" sizes=\"auto, (max-width: 1024px) 100vw, 1024px\" \/><\/a><\/figure>\n","protected":false},"excerpt":{"rendered":"<p>En tant qu&rsquo;ergoth\u00e9rapeute, je propose des accompagnements sur-mesure permettant aux \u00e9quipes de mettre en mots leur v\u00e9cu professionnel et de d\u00e9velopper l\u2019intelligence collective. L\u2019analyse de situations concr\u00e8tes soutient la r\u00e9flexion et l\u2019am\u00e9lioration des pratiques. Gr\u00e2ce \u00e0 mes diverses exp\u00e9riences sur le terrain \u2013 dans l\u2019\u00e9ducation populaire, le secteur associatif, les vacances adapt\u00e9es pour adultes en [&hellip;]<\/p>\n","protected":false},"author":1,"featured_media":0,"parent":0,"menu_order":0,"comment_status":"closed","ping_status":"closed","template":"","meta":{"footnotes":""},"class_list":["post-71","page","type-page","status-publish","hentry"],"_links":{"self":[{"href":"https:\/\/ergotopie42.fr\/index.php\/wp-json\/wp\/v2\/pages\/71","targetHints":{"allow":["GET"]}}],"collection":[{"href":"https:\/\/ergotopie42.fr\/index.php\/wp-json\/wp\/v2\/pages"}],"about":[{"href":"https:\/\/ergotopie42.fr\/index.php\/wp-json\/wp\/v2\/types\/page"}],"author":[{"embeddable":true,"href":"https:\/\/ergotopie42.fr\/index.php\/wp-json\/wp\/v2\/users\/1"}],"replies":[{"embeddable":true,"href":"https:\/\/ergotopie42.fr\/index.php\/wp-json\/wp\/v2\/comments?post=71"}],"version-history":[{"count":11,"href":"https:\/\/ergotopie42.fr\/index.php\/wp-json\/wp\/v2\/pages\/71\/revisions"}],"predecessor-version":[{"id":212,"href":"https:\/\/ergotopie42.fr\/index.php\/wp-json\/wp\/v2\/pages\/71\/revisions\/212"}],"wp:attachment":[{"href":"https:\/\/ergotopie42.fr\/index.php\/wp-json\/wp\/v2\/media?parent=71"}],"curies":[{"name":"wp","href":"https:\/\/api.w.org\/{rel}","templated":true}]}}