{"id":73,"date":"2025-05-13T18:25:38","date_gmt":"2025-05-13T16:25:38","guid":{"rendered":"https:\/\/ergotopie42.fr\/?page_id=73"},"modified":"2026-03-09T08:55:30","modified_gmt":"2026-03-09T07:55:30","slug":"mon-parcours","status":"publish","type":"page","link":"https:\/\/ergotopie42.fr\/index.php\/mon-parcours\/","title":{"rendered":"Mon parcours"},"content":{"rendered":"\n<p>Ma trajectoire s\u2019est articul\u00e9e autour de mon int\u00e9r\u00eat pour le <strong>pouvoir d\u2019agir<\/strong>.<\/p>\n\n\n\n<p>Comprendre le monde, ses logiques sous-jacentes, exp\u00e9rimenter de l\u2019int\u00e9rieur la <strong>vie d\u2019un groupe<\/strong> m\u2019ont amen\u00e9.e \u00e0 me pencher sur le <strong>fonctionnement individuel<\/strong> et \u00e0 d\u00e9velopper aujourd\u2019hui une <strong>approche psycho-sociale<\/strong>.<\/p>\n\n\n\n<p>Mon go\u00fbt pour le concret et le <strong>pragmatique <\/strong>s\u2019incarnent aujourd\u2019hui dans ma pratique. Tant dans l\u2019accompagnement de personnes en ergoth\u00e9rapie pour trouver des solutions pour <strong>enrichir le quotidien<\/strong>, que dans la facilitation de temps d\u2019analyse des pratiques, pour repartir avec des <strong>pistes directement applicables<\/strong>.<\/p>\n\n\n\n<p>Consid\u00e9rer les situations r\u00e9elles, telles qu\u2019elles se pr\u00e9sentent \u00e0 nous, est le point de d\u00e9part pour co-construire des <strong>solutions&nbsp;adapt\u00e9es<\/strong>, r\u00e9alistes, efficaces, et ainsi apprendre \u00e0 <strong>d\u00e9ployer pleinement nos potentiels<\/strong>.<\/p>\n\n\n\n<p class=\"has-text-align-right\">A bient\u00f4t ! Maloin Gillier Rebaud<\/p>\n\n\n\n<figure class=\"wp-block-image aligncenter size-large is-resized has-custom-border\"><img loading=\"lazy\" decoding=\"async\" width=\"782\" height=\"1024\" src=\"https:\/\/ergotopie42.fr\/wp-content\/uploads\/2025\/06\/Portrait-Ergotopie-Web-782x1024.jpg\" alt=\"\" class=\"wp-image-171\" style=\"border-radius:18px;object-fit:cover;width:200px;height:290px\" srcset=\"https:\/\/ergotopie42.fr\/wp-content\/uploads\/2025\/06\/Portrait-Ergotopie-Web-782x1024.jpg 782w, https:\/\/ergotopie42.fr\/wp-content\/uploads\/2025\/06\/Portrait-Ergotopie-Web-229x300.jpg 229w, https:\/\/ergotopie42.fr\/wp-content\/uploads\/2025\/06\/Portrait-Ergotopie-Web-768x1006.jpg 768w, https:\/\/ergotopie42.fr\/wp-content\/uploads\/2025\/06\/Portrait-Ergotopie-Web.jpg 800w\" sizes=\"auto, (max-width: 782px) 100vw, 782px\" \/><\/figure>\n\n\n\n<h2 class=\"wp-block-heading\">Quelques dates<\/h2>\n\n\n\n<p><strong>2008&nbsp;<\/strong>: Licence de sociologie (Universit\u00e9 Lyon 2)<\/p>\n\n\n\n<p><strong>2008 \u00e0 2015<\/strong>&nbsp;: Coordination de chantiers internationaux de jeunes b\u00e9n\u00e9voles (SCI, OFAJ)<\/p>\n\n\n\n<p><strong>2008 \u00e0 2017<\/strong>&nbsp;: Engagement b\u00e9n\u00e9vole puis salari\u00e9 dans la pr\u00e9vention des violences faites aux femmes et aux minoris\u00e9.es de genre (Autod\u00e9fense et Autonomie)<\/p>\n\n\n\n<p><strong>2010&nbsp;<\/strong>: Formation Genre et p\u00e9dagogie (Frille, Allemagne)<\/p>\n\n\n\n<p><strong>2011&nbsp;<\/strong>: Formation Anti-Bias (Anti-Bias Werkstatt, Allemagne)<\/p>\n\n\n\n<p><strong>2018-2019<\/strong>&nbsp;: Intervention technico-\u00e9ducative en CHRS<\/p>\n\n\n\n<p><strong>2021&nbsp;<\/strong>: Stages en SSR g\u00e9riatrique et EHPAD<\/p>\n\n\n\n<p><strong>2022&nbsp;<\/strong>: Stages en MAS et IME<\/p>\n\n\n\n<p><strong>2023&nbsp;<\/strong>: Stages en cabinet d\u2019ergoth\u00e9rapie lib\u00e9rale et en sant\u00e9 mentale<\/p>\n\n\n\n<p><strong>Depuis 2022<\/strong>&nbsp;: Cercles restauratifs dans le cadre associatif, professionnel, familial<\/p>\n\n\n\n<p><strong>2023&nbsp;<\/strong>: Dipl\u00f4me d\u2019\u00e9tat d\u2019ergoth\u00e9rapeute<\/p>\n\n\n\n<p><strong>Depuis 2023<\/strong>&nbsp;: Vacations \u00e0 l\u2019IFE de Lyon (consentement et bientraitance, OCIA)<\/p>\n\n\n\n<p><strong>Depuis 2023<\/strong>&nbsp;: Ergoth\u00e9rapeute en SAVS<\/p>\n\n\n\n<p><strong>2024-2025<\/strong>&nbsp;: Formation d\u2019intervention en Analyse des pratiques professionnelles (APP) \u00e0 Transverses<\/p>\n\n\n\n<p class=\"has-small-font-size\"><br>(SCI&nbsp;: Service Civil International, OFAJ&nbsp;: Office Franco-Allemand pour la Jeunesse, CHRS&nbsp;: Centre d\u2019H\u00e9bergement et de R\u00e9habilitation Sociale, SSR&nbsp;: Soins de suite et r\u00e9adaptation, EHPAD&nbsp;: Etablissement d\u2019H\u00e9bergement de Personnes Ag\u00e9es D\u00e9pendantes, MAS&nbsp;: Maison d\u2019Accueil Sp\u00e9cialis\u00e9e, IME&nbsp;: Institut M\u00e9dico-Educatif, IFE&nbsp;: Institut de formation en ergoth\u00e9rapie, OCIA&nbsp;: Occupational-Centered Intervention Assessment, SAVS&nbsp;: Service d\u2019accompagnement \u00e0 la vie sociale)<\/p>\n\n\n\n<p><\/p>\n","protected":false},"excerpt":{"rendered":"<p>Ma trajectoire s\u2019est articul\u00e9e autour de mon int\u00e9r\u00eat pour le pouvoir d\u2019agir. Comprendre le monde, ses logiques sous-jacentes, exp\u00e9rimenter de l\u2019int\u00e9rieur la vie d\u2019un groupe m\u2019ont amen\u00e9.e \u00e0 me pencher sur le fonctionnement individuel et \u00e0 d\u00e9velopper aujourd\u2019hui une approche psycho-sociale. Mon go\u00fbt pour le concret et le pragmatique s\u2019incarnent aujourd\u2019hui dans ma pratique. Tant [&hellip;]<\/p>\n","protected":false},"author":1,"featured_media":0,"parent":0,"menu_order":0,"comment_status":"closed","ping_status":"closed","template":"","meta":{"footnotes":""},"class_list":["post-73","page","type-page","status-publish","hentry"],"_links":{"self":[{"href":"https:\/\/ergotopie42.fr\/index.php\/wp-json\/wp\/v2\/pages\/73","targetHints":{"allow":["GET"]}}],"collection":[{"href":"https:\/\/ergotopie42.fr\/index.php\/wp-json\/wp\/v2\/pages"}],"about":[{"href":"https:\/\/ergotopie42.fr\/index.php\/wp-json\/wp\/v2\/types\/page"}],"author":[{"embeddable":true,"href":"https:\/\/ergotopie42.fr\/index.php\/wp-json\/wp\/v2\/users\/1"}],"replies":[{"embeddable":true,"href":"https:\/\/ergotopie42.fr\/index.php\/wp-json\/wp\/v2\/comments?post=73"}],"version-history":[{"count":6,"href":"https:\/\/ergotopie42.fr\/index.php\/wp-json\/wp\/v2\/pages\/73\/revisions"}],"predecessor-version":[{"id":233,"href":"https:\/\/ergotopie42.fr\/index.php\/wp-json\/wp\/v2\/pages\/73\/revisions\/233"}],"wp:attachment":[{"href":"https:\/\/ergotopie42.fr\/index.php\/wp-json\/wp\/v2\/media?parent=73"}],"curies":[{"name":"wp","href":"https:\/\/api.w.org\/{rel}","templated":true}]}}